{"id":27,"date":"2021-03-21T08:31:50","date_gmt":"2021-03-21T08:31:50","guid":{"rendered":"https:\/\/www.kinari-podcast.de\/?page_id=27"},"modified":"2025-10-18T23:32:54","modified_gmt":"2025-10-18T21:32:54","slug":"impressum","status":"publish","type":"page","link":"https:\/\/www.kinari-podcast.de\/?page_id=27","title":{"rendered":"IMPRESSUM"},"content":{"rendered":"\n<p>Mark Neugebauer<br>Kiebitzgrund 50<br>49477 Ibbenb\u00fcren<br><br>Telefon: 0911 \/ 96040551<br>eMail: kontakt @ kinari-podcast.de<br>Homepage: <a href=\"http:\/\/www.mark-neugebauer.de\" target=\"_blank\" rel=\"noreferrer noopener\">http:\/\/www.kinari-podcast.de<\/a><\/p>\n\n\n\n<p>Haftungshinweis: Trotz sorgf\u00e4ltiger inhaltlicher Kontrolle \u00fcbernehme ich keine Haftung f\u00fcr den Inhalt externer Links. F\u00fcr den Inhalt der verlinkten Seiten sind ausschlie\u00dflich deren Betreiber verantwortlich. <a rel=\"noreferrer noopener\" href=\"https:\/\/www.disclaimer.de\/disclaimer.htm\" target=\"_blank\">Hier geht\u2019s zum Disclaimer<\/a>!<\/p>\n","protected":false},"excerpt":{"rendered":"<p>Mark NeugebauerKiebitzgrund 5049477 Ibbenb\u00fcren Telefon: 0911 \/ 96040551eMail: kontakt @ kinari-podcast.deHomepage: http:\/\/www.kinari-podcast.de Haftungshinweis: Trotz sorgf\u00e4ltiger inhaltlicher Kontrolle \u00fcbernehme ich keine Haftung f\u00fcr den Inhalt externer [&#8230;]<\/p>\n","protected":false},"author":1,"featured_media":0,"parent":0,"menu_order":0,"comment_status":"closed","ping_status":"closed","template":"","meta":{"footnotes":""},"class_list":["post-27","page","type-page","status-publish","hentry"],"_links":{"self":[{"href":"https:\/\/www.kinari-podcast.de\/index.php?rest_route=\/wp\/v2\/pages\/27","targetHints":{"allow":["GET"]}}],"collection":[{"href":"https:\/\/www.kinari-podcast.de\/index.php?rest_route=\/wp\/v2\/pages"}],"about":[{"href":"https:\/\/www.kinari-podcast.de\/index.php?rest_route=\/wp\/v2\/types\/page"}],"author":[{"embeddable":true,"href":"https:\/\/www.kinari-podcast.de\/index.php?rest_route=\/wp\/v2\/users\/1"}],"replies":[{"embeddable":true,"href":"https:\/\/www.kinari-podcast.de\/index.php?rest_route=%2Fwp%2Fv2%2Fcomments&post=27"}],"version-history":[{"count":3,"href":"https:\/\/www.kinari-podcast.de\/index.php?rest_route=\/wp\/v2\/pages\/27\/revisions"}],"predecessor-version":[{"id":428,"href":"https:\/\/www.kinari-podcast.de\/index.php?rest_route=\/wp\/v2\/pages\/27\/revisions\/428"}],"wp:attachment":[{"href":"https:\/\/www.kinari-podcast.de\/index.php?rest_route=%2Fwp%2Fv2%2Fmedia&parent=27"}],"curies":[{"name":"wp","href":"https:\/\/api.w.org\/{rel}","templated":true}]}}