{"id":187,"date":"2021-04-07T17:00:59","date_gmt":"2021-04-07T15:00:59","guid":{"rendered":"https:\/\/www.kinari-podcast.de\/?page_id=187"},"modified":"2021-04-07T18:07:40","modified_gmt":"2021-04-07T16:07:40","slug":"gaestebuch","status":"publish","type":"page","link":"https:\/\/www.kinari-podcast.de\/?page_id=187","title":{"rendered":"G\u00c4STEBUCH"},"content":{"rendered":"<div class=\"gwolle-gb\"><div class=\"gwolle-gb-messages-top-container\"><\/div>\n\t\t\t<div class=\"gwolle-gb-write-button\">\n\t\t\t\t<input type=\"button\" name=\"gwolle-gb-write-button\" class=\"button btn btn-default \" value=\"Neuen Eintrag schreiben\" aria-expanded=\"false\" \/>\n\t\t\t<\/div>\n\t\t\t<form action=\"#\" method=\"POST\" class=\"gwolle-gb-write gwolle-gb-hide gwolle-gb-float gwolle-gb-form-ajax gwolle-gb-ajax gwolle-gb-not-logged-in\">\n\t\t\t\t<h3>Eintrag ins kinari-G\u00e4stebuch<\/h3>\n\t\t\t\t<button type=\"button\" class=\"gb-notice-dismiss\">x<span class=\"screen-reader-text\">Dieses Formular ausblenden<\/span><\/button>\n\t\t\t\n\t\t\t\t<input type=\"hidden\" name=\"gwolle_gb_function\" class=\"gwolle_gb_function\" value=\"add_entry\" \/><input type=\"hidden\" name=\"gwolle_gb_book_id\" class=\"gwolle_gb_book_id\" value=\"1\" \/><div class=\"gwolle_gb_d7fa1080540d13590bc3914b3a103011\">\n\t\t\t\t<div class=\"label\"><label for=\"gwolle_gb_d7fa1080540d13590bc3914b3a103011-1\" class=\"text-info\">Name <span class=\"required\">*<\/span><\/label><\/div>\n\t\t\t\t<div class=\"input\"><input class=\"wp-exclude-emoji gwolle_gb_d7fa1080540d13590bc3914b3a103011\" value=\"\" type=\"text\" id=\"gwolle_gb_d7fa1080540d13590bc3914b3a103011-1\" name=\"gwolle_gb_d7fa1080540d13590bc3914b3a103011\" required \/><\/div>\n\t\t\t\t<div class=\"clearBoth\">&nbsp;<\/div>\n\t\t\t<\/div><div class=\"gwolle_gb_98487e475007c2f9b3a923882ee772ce\">\n\t\t\t\t\t<div class=\"label\"><label for=\"gwolle_gb_98487e475007c2f9b3a923882ee772ce-1\" class=\"text-info\">Stadt <span class=\"required\">*<\/span><\/label><\/div>\n\t\t\t\t\t<div class=\"input\"><input class=\"wp-exclude-emoji gwolle_gb_98487e475007c2f9b3a923882ee772ce\" value=\"\" type=\"text\" id=\"gwolle_gb_98487e475007c2f9b3a923882ee772ce-1\" name=\"gwolle_gb_98487e475007c2f9b3a923882ee772ce\" required \/><\/div>\n\t\t\t\t\t<div class=\"clearBoth\">&nbsp;<\/div>\n\t\t\t\t<\/div><div class=\"gwolle_gb_e8e22fda1658551d296ce0ee858bce2b\">\n\t\t\t\t<div class=\"label\"><label for=\"gwolle_gb_e8e22fda1658551d296ce0ee858bce2b-1\" class=\"text-info\">E-Mail <span class=\"required\">*<\/span><\/label><\/div>\n\t\t\t\t<div class=\"input\"><input class=\"gwolle_gb_e8e22fda1658551d296ce0ee858bce2b\" value=\"\" type=\"email\" id=\"gwolle_gb_e8e22fda1658551d296ce0ee858bce2b-1\" name=\"gwolle_gb_e8e22fda1658551d296ce0ee858bce2b\" required \/><\/div>\n\t\t\t\t<div class=\"clearBoth\">&nbsp;<\/div>\n\t\t\t<\/div>\n\t\t\t<div class=\"gwolle_gb_6627de3b32afd35ab58932ce61f1b87b\" style=\"display:none;overflow:hidden;\" hidden=\"true\" aria-hidden=\"true\">\n\t\t\t\t<div class=\"label\">\n\t\t\t\t\t<label for=\"gwolle_gb_6627de3b32afd35ab58932ce61f1b87b-1\" class=\"text-primary\">Hier nichts eingeben<\/label>\n\t\t\t\t\t<label for=\"gwolle_gb_66ecf7de6a6227de7ad0ba975d5aaa4c-1\" class=\"text-primary\">Hier nichts eingeben<\/label>\n\t\t\t\t<\/div>\n\t\t\t\t<div class=\"input\">\n\t\t\t\t\t<input value=\"1\" type=\"text\" id=\"gwolle_gb_6627de3b32afd35ab58932ce61f1b87b-1\" name=\"gwolle_gb_6627de3b32afd35ab58932ce61f1b87b\" class=\"gwolle_gb_6627de3b32afd35ab58932ce61f1b87b\" style=\"transform: translateY(10000px);\" \/>\n\t\t\t\t\t<input value=\"\" type=\"text\" name=\"gwolle_gb_66ecf7de6a6227de7ad0ba975d5aaa4c\" id=\"gwolle_gb_66ecf7de6a6227de7ad0ba975d5aaa4c-1\" class=\"gwolle_gb_66ecf7de6a6227de7ad0ba975d5aaa4c\" style=\"transform: translateY(10000px);\" \/>\n\t\t\t\t<\/div>\n\t\t\t\t<div class=\"clearBoth\"><\/div>\n\t\t\t<\/div>\n\t\t\t<div class=\"gwolle_gb_510d9cd7d94731158f6bced4b629fb79\" style=\"display:none;overflow:hidden;\" hidden=\"true\" aria-hidden=\"true\">\n\t\t\t\t<div class=\"label\">\n\t\t\t\t\t<label for=\"gwolle_gb_510d9cd7d94731158f6bced4b629fb79-1\" class=\"text-primary\">Hier nichts eingeben<\/label>\n\t\t\t\t\t<label for=\"gwolle_gb_75350506173c27d77e74b22c1fc9fe17-1\" class=\"text-primary\">Hier nichts eingeben<\/label>\n\t\t\t\t<\/div>\n\t\t\t\t<div class=\"input\">\n\t\t\t\t\t<input value=\"25753\" type=\"text\" id=\"gwolle_gb_510d9cd7d94731158f6bced4b629fb79-1\" name=\"gwolle_gb_510d9cd7d94731158f6bced4b629fb79\" class=\"gwolle_gb_510d9cd7d94731158f6bced4b629fb79\" style=\"transform: translateY(10000px);\" \/>\n\t\t\t\t\t<input value=\"25753\" type=\"text\"id=\"gwolle_gb_75350506173c27d77e74b22c1fc9fe17-1\" name=\"gwolle_gb_75350506173c27d77e74b22c1fc9fe17\" class=\"gwolle_gb_75350506173c27d77e74b22c1fc9fe17\" style=\"transform: translateY(10000px);\" \/>\n\t\t\t\t<\/div>\n\t\t\t\t<div class=\"clearBoth\"><\/div>\n\t\t\t<\/div><div class=\"gwolle_gb_content\">\n\t\t\t\t<div class=\"label\"><label for=\"gwolle_gb_content-1\" class=\"text-info\">G\u00e4stebucheintrag <span class=\"required\">*<\/span><\/label><\/div>\n\t\t\t\t<div class=\"input\"><textarea id=\"gwolle_gb_content-1\" name=\"gwolle_gb_content\" class=\"gwolle_gb_content wp-exclude-emoji\" required ><\/textarea><\/div>\n\t\t\t\t\t<div class=\"clearBoth\">&nbsp;<\/div>\n\t\t\t\t<\/div><input type=\"hidden\" class=\"gwolle_gb_97742cd07f5f7b20802d75f35010d7b8\" id=\"gwolle_gb_97742cd07f5f7b20802d75f35010d7b8-1\" name=\"gwolle_gb_97742cd07f5f7b20802d75f35010d7b8\" value=\"4a53a0ff1d\" \/>\n\t\t\t<div class=\"gwolle-gb-messages-bottom-container\"><\/div>\n\n\t\t\t<noscript><div class=\"no-js\">Warnung: Dieses Formular kann nur verwendet werden, wenn in deinem Browser JavaScript aktiviert ist.<\/div><\/noscript>\n\n\t\t\t<div class=\"gwolle_gb_submit gwolle-gb-submit\">\n\t\t\t\t<div class=\"label gwolle-gb-invisible text-muted\">&nbsp;<\/div>\n\t\t\t\t<div class=\"input\">\n\t\t\t\t\t<input type=\"submit\" name=\"gwolle_gb_submit\" class=\"gwolle_gb_submit button btn btn-primary \" value=\"Absenden\" \/>\n\t\t\t\t\t<span class=\"gwolle_gb_submit_ajax_icon gwolle-gb-submit-ajax-icon\"><\/span>\n\t\t\t\n\t\t\t\t<\/div>\n\t\t\t\t<div class=\"clearBoth\">&nbsp;<\/div>\n\t\t\t<\/div>\n\n\t\t\t<div class=\"gwolle_gb_notice gwolle-gb-notice\">\n\t\t\t\tMit * gekennzeichnete Felder sind erforderlich.<br \/>\r\nEure E-Mail-Adresse wird nicht ver\u00f6ffentlicht.<br \/>\r\nDer Ver\u00f6ffentlichung aller weiteren Eingaben stimmt ihr mit dem Absenden des Eintrags zu.<br \/>\r\nEuer Eintrag im G\u00e4stebuch ist erst sichtbar ist, nachdem wir ihn \u00fcberpr\u00fcft haben.<br \/>\r\nWir behalten uns vor, Eintr\u00e4ge zu l\u00f6schen oder nicht zu ver\u00f6ffentlichen.\n\t\t\t<\/div><\/form><div class=\"gwolle-gb-read gwolle-gb-ajax gwolle-gb-entries-list\" data-book_id=\"1\" data-page_id=\"1\">\n\t\t<div id=\"gwolle-gb-total\" class=\"gwolle-gb-total\">5 Eintr\u00e4ge<\/div><!-- Gwolle-GB Entry: Default Template Loaded -->\n\t\t\t\t<div class=\"gb-entry gb-entry_34 gb-entry-count_1 gwolle-gb-uneven gwolle-gb-first\" id=\"gb-entry_34\" data-entry_id=\"34\">\n\t\t\t\t<article>\n\t\t\t\t\t<div class=\"gb-author-info\">\n\t\t\t\t\t\t<span class=\"gb-author-name\">Steffi\n\t\t\t\t\t\t<\/span>\n\t\t\t\t\t\t<span class=\"gb-author-origin\">\n\t\t\t\t\t\t\t<span class=\"gb-author-origin-from-text\"> aus<\/span>\n\t\t\t\t\t\t\t<span class=\"gb-author-origin-text\"> S\u00e3o Paulo<\/span>\n\t\t\t\t\t\t<\/span>\n\t\t\t\t\t\t<span class=\"gb-datetime\">\n\t\t\t\t\t\t\t<span class=\"gb-date\"><span class=\"gb-date-wrote-text\"> schrieb am<\/span><span class=\"gb-date-text\"> Juli 27, 2021<\/span>\n\t\t\t\t\t\t\t<\/span>\n\t\t\t\t\t\t<\/span> \n\t\t\t\t\t<\/div>\n\t\t\t\t\t<div class=\"gb-entry-content\">Wir haben soeben Kinari auf Spotify gefunden. Super interessant. Meinen Kindern hat es sehr gut gefallen. So erfahren auch sie auf Ganz einfache und interessanter Weise was so alles passiert. Wir freuen uns auf weiter Beitr\u00e4ge. Gibt es ein bestimmten Tag, andem es verf\u00fcgbar ist? \r\nLg aus Brasilien!\n\t\t\t\t\t<\/div>\n\t\t\t\t\t<div class=\"gb-entry-admin_reply admin-entry\">\n\t\t\t\t\t\t<div class=\"gb-admin-reply-uid\">\n\t\t\t\t\t\t\t<em>Administrator-Antwort von: admin<\/em>\n\t\t\t\t\t\t<\/div> \n\t\t\t\t\t\t<div class=\"gb-admin-reply-content\">\n\t\t\t\t\t\tOl\u00e1! Ich habe mich so sehr \u00fcber eure Nachricht gefreut. Wahnsinn, dass es meine Kindernachrichten bis nach Brasilien geschafft haben. Normalerweise sollte es jede Woche zum Wochenende eine neue Folge der kinari geben. In den letzten Wochen passiert das aus Zeitgr\u00fcnden leider nur sehr unregelm\u00e4\u00dfig. Ich hoffe, dass sich das bald wieder \u00e4ndert und versuche schon in den n\u00e4chsten Tagen eine neue Folge hochzuladen. Ganz liebe Gr\u00fc\u00dfe nach S\u00e3o Paulo! ?\n\t\t\t\t\t\t<\/div>\n\t\t\t\t\t<\/div>\n\t\t\t\t<\/article>\n\t\t\t<\/div>\n\t\t\t<div class=\"gb-entry gb-entry_12 gb-entry-count_2 gwolle-gb-even\" id=\"gb-entry_12\" data-entry_id=\"12\">\n\t\t\t\t<article>\n\t\t\t\t\t<div class=\"gb-author-info\">\n\t\t\t\t\t\t<span class=\"gb-author-name\">Hera und Antonia und Mama\n\t\t\t\t\t\t<\/span>\n\t\t\t\t\t\t<span class=\"gb-author-origin\">\n\t\t\t\t\t\t\t<span class=\"gb-author-origin-from-text\"> aus<\/span>\n\t\t\t\t\t\t\t<span class=\"gb-author-origin-text\"> D\u00fclmen<\/span>\n\t\t\t\t\t\t<\/span>\n\t\t\t\t\t\t<span class=\"gb-datetime\">\n\t\t\t\t\t\t\t<span class=\"gb-date\"><span class=\"gb-date-wrote-text\"> schrieb am<\/span><span class=\"gb-date-text\"> Juni 8, 2021<\/span>\n\t\t\t\t\t\t\t<\/span>\n\t\t\t\t\t\t<\/span> \n\t\t\t\t\t<\/div>\n\t\t\t\t\t<div class=\"gb-entry-content\">Guten Morgen,\r\n\r\nwir haben vor kurzem  KINARI entdeckt. \r\nMorgens h\u00f6ren wir erst Erwachsenen- und dann deine Kinder-Nachrichten. \r\nSuper interessante Beitr\u00e4ge,  auch f\u00fcr Erwachsene. \r\nWann kommen neue Folgen? \r\nViele Gr\u00fc\u00dfe\n\t\t\t\t\t<\/div>\n\t\t\t\t\t<div class=\"gb-entry-admin_reply admin-entry\">\n\t\t\t\t\t\t<div class=\"gb-admin-reply-uid\">\n\t\t\t\t\t\t\t<em>Administrator-Antwort von: admin<\/em>\n\t\t\t\t\t\t<\/div> \n\t\t\t\t\t\t<div class=\"gb-admin-reply-content\">\n\t\t\t\t\t\tGuten Morgen ihr Drei! Das klingt nach einem gro\u00dfartigen Ritual. Leider mussten die kinari in den letzten drei Wochen aus verschiedenen Gr\u00fcnden ausfallen. Das sollte m\u00f6glichst selten passieren, l\u00e4sst sich manchmal aber leider nicht vermeiden. F\u00fcr mich ist es immer wieder sch\u00f6n zu lesen, dass Kids (und auch ein paar Erwachsene ?) schon sehns\u00fcchtig auf eine neue Folge warten. Jetzt noch eine gute Nachricht f\u00fcr euch: In den n\u00e4chsten Stunden geht eine neue Folge online. Sch\u00f6nes Wochenende euch! ?\n\t\t\t\t\t\t<\/div>\n\t\t\t\t\t<\/div>\n\t\t\t\t<\/article>\n\t\t\t<\/div>\n\t\t\t<div class=\"gb-entry gb-entry_11 gb-entry-count_3 gwolle-gb-uneven\" id=\"gb-entry_11\" data-entry_id=\"11\">\n\t\t\t\t<article>\n\t\t\t\t\t<div class=\"gb-author-info\">\n\t\t\t\t\t\t<span class=\"gb-author-name\">Lemar Lewis Ghamin\n\t\t\t\t\t\t<\/span>\n\t\t\t\t\t\t<span class=\"gb-author-origin\">\n\t\t\t\t\t\t\t<span class=\"gb-author-origin-from-text\"> aus<\/span>\n\t\t\t\t\t\t\t<span class=\"gb-author-origin-text\"> F\u00fcrth<\/span>\n\t\t\t\t\t\t<\/span>\n\t\t\t\t\t\t<span class=\"gb-datetime\">\n\t\t\t\t\t\t\t<span class=\"gb-date\"><span class=\"gb-date-wrote-text\"> schrieb am<\/span><span class=\"gb-date-text\"> April 29, 2021<\/span>\n\t\t\t\t\t\t\t<\/span>\n\t\t\t\t\t\t<\/span> \n\t\t\t\t\t<\/div>\n\t\t\t\t\t<div class=\"gb-entry-content\">Wir sind Lemar und Lola und gro\u00dfe Kinari-Fans! Wir freuen uns auf jede neue Folge!\r\nViele liebe Gr\u00fc\u00dfe, Lemar &amp; Lola\n\t\t\t\t\t<\/div>\n\t\t\t\t\t<div class=\"gb-entry-admin_reply admin-entry\">\n\t\t\t\t\t\t<div class=\"gb-admin-reply-uid\">\n\t\t\t\t\t\t\t<em>Administrator-Antwort von: admin<\/em>\n\t\t\t\t\t\t<\/div> \n\t\t\t\t\t\t<div class=\"gb-admin-reply-content\">\n\t\t\t\t\t\tVielen lieben Dank f\u00fcr euer Feedback, das freut mich mega! Gr\u00fc\u00dfe nach F\u00fcrth \ud83d\ude42\n\t\t\t\t\t\t<\/div>\n\t\t\t\t\t<\/div>\n\t\t\t\t<\/article>\n\t\t\t<\/div>\n\t\t\t<div class=\"gb-entry gb-entry_10 gb-entry-count_4 gwolle-gb-even\" id=\"gb-entry_10\" data-entry_id=\"10\">\n\t\t\t\t<article>\n\t\t\t\t\t<div class=\"gb-author-info\">\n\t\t\t\t\t\t<span class=\"gb-author-name\">Danny\n\t\t\t\t\t\t<\/span>\n\t\t\t\t\t\t<span class=\"gb-author-origin\">\n\t\t\t\t\t\t\t<span class=\"gb-author-origin-from-text\"> aus<\/span>\n\t\t\t\t\t\t\t<span class=\"gb-author-origin-text\"> M\u00fcnchen<\/span>\n\t\t\t\t\t\t<\/span>\n\t\t\t\t\t\t<span class=\"gb-datetime\">\n\t\t\t\t\t\t\t<span class=\"gb-date\"><span class=\"gb-date-wrote-text\"> schrieb am<\/span><span class=\"gb-date-text\"> April 17, 2021<\/span>\n\t\t\t\t\t\t\t<\/span>\n\t\t\t\t\t\t<\/span> \n\t\t\t\t\t<\/div>\n\t\t\t\t\t<div class=\"gb-entry-content\">Informativ, witzig, schnell! \u2728\r\nAuch wir sind gro\u00dfer KINARI-Fan! Liebste Gr\u00fc\u00dfe und bitte niemals aufh\u00f6ren! ??\n\t\t\t\t\t<\/div>\n\t\t\t\t\t<div class=\"gb-entry-admin_reply admin-entry\">\n\t\t\t\t\t\t<div class=\"gb-admin-reply-uid\">\n\t\t\t\t\t\t\t<em>Administrator-Antwort von: admin<\/em>\n\t\t\t\t\t\t<\/div> \n\t\t\t\t\t\t<div class=\"gb-admin-reply-content\">\n\t\t\t\t\t\tDanke Dir, Danny! Aufh\u00f6ren? Ich habe doch gerade erst angefangen! \ud83d\ude09\n\t\t\t\t\t\t<\/div>\n\t\t\t\t\t<\/div>\n\t\t\t\t<\/article>\n\t\t\t<\/div>\n\t\t\t<div class=\"gb-entry gb-entry_9 gb-entry-count_5 gwolle-gb-uneven\" id=\"gb-entry_9\" data-entry_id=\"9\">\n\t\t\t\t<article>\n\t\t\t\t\t<div class=\"gb-author-info\">\n\t\t\t\t\t\t<span class=\"gb-author-name\">Anton\n\t\t\t\t\t\t<\/span>\n\t\t\t\t\t\t<span class=\"gb-author-origin\">\n\t\t\t\t\t\t\t<span class=\"gb-author-origin-from-text\"> aus<\/span>\n\t\t\t\t\t\t\t<span class=\"gb-author-origin-text\"> M\u00fcnchen<\/span>\n\t\t\t\t\t\t<\/span>\n\t\t\t\t\t\t<span class=\"gb-datetime\">\n\t\t\t\t\t\t\t<span class=\"gb-date\"><span class=\"gb-date-wrote-text\"> schrieb am<\/span><span class=\"gb-date-text\"> April 13, 2021<\/span>\n\t\t\t\t\t\t\t<\/span>\n\t\t\t\t\t\t<\/span> \n\t\t\t\t\t<\/div>\n\t\t\t\t\t<div class=\"gb-entry-content\">Hallo, ich hei\u00dfe Anton und bin 6 Jahre alt. Mir gef\u00e4llt euer Podcast total gut. Nur leider sind die Folgen so schnell vorbei. Ich freue mich jede Woche auf eine neue Folge. Weiter so! Viele Gr\u00fc\u00dfe\n\t\t\t\t\t<\/div>\n\t\t\t\t\t<div class=\"gb-entry-admin_reply admin-entry\">\n\t\t\t\t\t\t<div class=\"gb-admin-reply-uid\">\n\t\t\t\t\t\t\t<em>Administrator-Antwort von: admin<\/em>\n\t\t\t\t\t\t<\/div> \n\t\t\t\t\t\t<div class=\"gb-admin-reply-content\">\n\t\t\t\t\t\tHallo Anton, vielen Dank f\u00fcr deinen Eintrag in meinem G\u00e4stebuch! Es freut mich sehr, dass du so viel Spa\u00df mit den kinari hast. Schon bald gibt es eine neue Folge zu h\u00f6ren und wer wei\u00df, vielleicht sind in Zukunft auch mal etwas l\u00e4ngere Folgen dabei. Viele Gr\u00fc\u00dfe, Mark \ud83d\ude42\n\t\t\t\t\t\t<\/div>\n\t\t\t\t\t<\/div>\n\t\t\t\t<\/article>\n\t\t\t<\/div>\n\t\t\t<\/div><\/div>\n\n\n\n<p><\/p>\n","protected":false},"excerpt":{"rendered":"","protected":false},"author":1,"featured_media":0,"parent":0,"menu_order":0,"comment_status":"closed","ping_status":"closed","template":"","meta":{"footnotes":""},"class_list":["post-187","page","type-page","status-publish","hentry"],"_links":{"self":[{"href":"https:\/\/www.kinari-podcast.de\/index.php?rest_route=\/wp\/v2\/pages\/187","targetHints":{"allow":["GET"]}}],"collection":[{"href":"https:\/\/www.kinari-podcast.de\/index.php?rest_route=\/wp\/v2\/pages"}],"about":[{"href":"https:\/\/www.kinari-podcast.de\/index.php?rest_route=\/wp\/v2\/types\/page"}],"author":[{"embeddable":true,"href":"https:\/\/www.kinari-podcast.de\/index.php?rest_route=\/wp\/v2\/users\/1"}],"replies":[{"embeddable":true,"href":"https:\/\/www.kinari-podcast.de\/index.php?rest_route=%2Fwp%2Fv2%2Fcomments&post=187"}],"version-history":[{"count":4,"href":"https:\/\/www.kinari-podcast.de\/index.php?rest_route=\/wp\/v2\/pages\/187\/revisions"}],"predecessor-version":[{"id":195,"href":"https:\/\/www.kinari-podcast.de\/index.php?rest_route=\/wp\/v2\/pages\/187\/revisions\/195"}],"wp:attachment":[{"href":"https:\/\/www.kinari-podcast.de\/index.php?rest_route=%2Fwp%2Fv2%2Fmedia&parent=187"}],"curies":[{"name":"wp","href":"https:\/\/api.w.org\/{rel}","templated":true}]}}